{"id":861,"date":"2021-01-22T18:14:14","date_gmt":"2021-01-22T18:14:14","guid":{"rendered":"http:\/\/digitalprod.eu\/nutriben\/?page_id=861"},"modified":"2026-01-05T11:41:52","modified_gmt":"2026-01-05T11:41:52","slug":"produtos-sem-gluten","status":"publish","type":"page","link":"https:\/\/dev.thesubmarine.pt\/nutriben\/website\/produtos-sem-gluten\/","title":{"rendered":"Produtos &#8211; Sem gl\u00faten"},"content":{"rendered":"","protected":false},"excerpt":{"rendered":"","protected":false},"author":5,"featured_media":0,"parent":0,"menu_order":0,"comment_status":"closed","ping_status":"closed","template":"tmp-produtos-sem-gluten.php","meta":{"inline_featured_image":false,"footnotes":""},"class_list":["post-861","page","type-page","status-publish","hentry"],"yoast_head":"<!-- This site is optimized with the Yoast SEO plugin v27.3 - https:\/\/yoast.com\/product\/yoast-seo-wordpress\/ -->\n<title>Nutrib\u00e9n - Produtos - Sem gl\u00faten<\/title>\n<meta name=\"description\" content=\"Descubra os produtos Nutrib\u00e9n\u00ae sem gl\u00faten, adequados para os beb\u00e9s nosprimeiros meses ou quando h\u00e1 doen\u00e7a cel\u00edaca.\" \/>\n<meta name=\"robots\" content=\"index, follow, max-snippet:-1, max-image-preview:large, max-video-preview:-1\" \/>\n<link rel=\"canonical\" href=\"https:\/\/dev.thesubmarine.pt\/nutriben\/website\/produtos-sem-gluten\/\" \/>\n<meta property=\"og:locale\" content=\"pt_PT\" \/>\n<meta property=\"og:type\" content=\"article\" \/>\n<meta property=\"og:title\" content=\"Nutrib\u00e9n - Produtos - Sem gl\u00faten\" \/>\n<meta property=\"og:description\" content=\"Descubra os produtos Nutrib\u00e9n\u00ae sem gl\u00faten, adequados para os beb\u00e9s nosprimeiros meses ou quando h\u00e1 doen\u00e7a cel\u00edaca.\" \/>\n<meta property=\"og:url\" content=\"https:\/\/dev.thesubmarine.pt\/nutriben\/website\/produtos-sem-gluten\/\" \/>\n<meta property=\"og:site_name\" content=\"Nutrib\u00e9n\" \/>\n<meta property=\"article:modified_time\" content=\"2026-01-05T11:41:52+00:00\" \/>\n<meta name=\"twitter:card\" content=\"summary_large_image\" \/>\n<script type=\"application\/ld+json\" class=\"yoast-schema-graph\">{\"@context\":\"https:\\\/\\\/schema.org\",\"@graph\":[{\"@type\":\"WebPage\",\"@id\":\"https:\\\/\\\/dev.thesubmarine.pt\\\/nutriben\\\/website\\\/produtos-sem-gluten\\\/\",\"url\":\"https:\\\/\\\/dev.thesubmarine.pt\\\/nutriben\\\/website\\\/produtos-sem-gluten\\\/\",\"name\":\"Nutrib\u00e9n - Produtos - Sem gl\u00faten\",\"isPartOf\":{\"@id\":\"https:\\\/\\\/dev.thesubmarine.pt\\\/nutriben\\\/website\\\/#website\"},\"datePublished\":\"2021-01-22T18:14:14+00:00\",\"dateModified\":\"2026-01-05T11:41:52+00:00\",\"description\":\"Descubra os produtos Nutrib\u00e9n\u00ae sem gl\u00faten, adequados para os beb\u00e9s nosprimeiros meses ou quando h\u00e1 doen\u00e7a cel\u00edaca.\",\"breadcrumb\":{\"@id\":\"https:\\\/\\\/dev.thesubmarine.pt\\\/nutriben\\\/website\\\/produtos-sem-gluten\\\/#breadcrumb\"},\"inLanguage\":\"pt-PT\",\"potentialAction\":[{\"@type\":\"ReadAction\",\"target\":[\"https:\\\/\\\/dev.thesubmarine.pt\\\/nutriben\\\/website\\\/produtos-sem-gluten\\\/\"]}]},{\"@type\":\"BreadcrumbList\",\"@id\":\"https:\\\/\\\/dev.thesubmarine.pt\\\/nutriben\\\/website\\\/produtos-sem-gluten\\\/#breadcrumb\",\"itemListElement\":[{\"@type\":\"ListItem\",\"position\":1,\"name\":\"In\u00edcio\",\"item\":\"https:\\\/\\\/dev.thesubmarine.pt\\\/nutriben\\\/website\\\/\"},{\"@type\":\"ListItem\",\"position\":2,\"name\":\"Produtos &#8211; Sem gl\u00faten\"}]},{\"@type\":\"WebSite\",\"@id\":\"https:\\\/\\\/dev.thesubmarine.pt\\\/nutriben\\\/website\\\/#website\",\"url\":\"https:\\\/\\\/dev.thesubmarine.pt\\\/nutriben\\\/website\\\/\",\"name\":\"Nutrib\u00e9n\",\"description\":\"\",\"potentialAction\":[{\"@type\":\"SearchAction\",\"target\":{\"@type\":\"EntryPoint\",\"urlTemplate\":\"https:\\\/\\\/dev.thesubmarine.pt\\\/nutriben\\\/website\\\/?s={search_term_string}\"},\"query-input\":{\"@type\":\"PropertyValueSpecification\",\"valueRequired\":true,\"valueName\":\"search_term_string\"}}],\"inLanguage\":\"pt-PT\"}]}<\/script>\n<!-- \/ Yoast SEO plugin. -->","yoast_head_json":{"title":"Nutrib\u00e9n - Produtos - Sem gl\u00faten","description":"Descubra os produtos Nutrib\u00e9n\u00ae sem gl\u00faten, adequados para os beb\u00e9s nosprimeiros meses ou quando h\u00e1 doen\u00e7a cel\u00edaca.","robots":{"index":"index","follow":"follow","max-snippet":"max-snippet:-1","max-image-preview":"max-image-preview:large","max-video-preview":"max-video-preview:-1"},"canonical":"https:\/\/dev.thesubmarine.pt\/nutriben\/website\/produtos-sem-gluten\/","og_locale":"pt_PT","og_type":"article","og_title":"Nutrib\u00e9n - Produtos - Sem gl\u00faten","og_description":"Descubra os produtos Nutrib\u00e9n\u00ae sem gl\u00faten, adequados para os beb\u00e9s nosprimeiros meses ou quando h\u00e1 doen\u00e7a cel\u00edaca.","og_url":"https:\/\/dev.thesubmarine.pt\/nutriben\/website\/produtos-sem-gluten\/","og_site_name":"Nutrib\u00e9n","article_modified_time":"2026-01-05T11:41:52+00:00","twitter_card":"summary_large_image","schema":{"@context":"https:\/\/schema.org","@graph":[{"@type":"WebPage","@id":"https:\/\/dev.thesubmarine.pt\/nutriben\/website\/produtos-sem-gluten\/","url":"https:\/\/dev.thesubmarine.pt\/nutriben\/website\/produtos-sem-gluten\/","name":"Nutrib\u00e9n - Produtos - Sem gl\u00faten","isPartOf":{"@id":"https:\/\/dev.thesubmarine.pt\/nutriben\/website\/#website"},"datePublished":"2021-01-22T18:14:14+00:00","dateModified":"2026-01-05T11:41:52+00:00","description":"Descubra os produtos Nutrib\u00e9n\u00ae sem gl\u00faten, adequados para os beb\u00e9s nosprimeiros meses ou quando h\u00e1 doen\u00e7a cel\u00edaca.","breadcrumb":{"@id":"https:\/\/dev.thesubmarine.pt\/nutriben\/website\/produtos-sem-gluten\/#breadcrumb"},"inLanguage":"pt-PT","potentialAction":[{"@type":"ReadAction","target":["https:\/\/dev.thesubmarine.pt\/nutriben\/website\/produtos-sem-gluten\/"]}]},{"@type":"BreadcrumbList","@id":"https:\/\/dev.thesubmarine.pt\/nutriben\/website\/produtos-sem-gluten\/#breadcrumb","itemListElement":[{"@type":"ListItem","position":1,"name":"In\u00edcio","item":"https:\/\/dev.thesubmarine.pt\/nutriben\/website\/"},{"@type":"ListItem","position":2,"name":"Produtos &#8211; Sem gl\u00faten"}]},{"@type":"WebSite","@id":"https:\/\/dev.thesubmarine.pt\/nutriben\/website\/#website","url":"https:\/\/dev.thesubmarine.pt\/nutriben\/website\/","name":"Nutrib\u00e9n","description":"","potentialAction":[{"@type":"SearchAction","target":{"@type":"EntryPoint","urlTemplate":"https:\/\/dev.thesubmarine.pt\/nutriben\/website\/?s={search_term_string}"},"query-input":{"@type":"PropertyValueSpecification","valueRequired":true,"valueName":"search_term_string"}}],"inLanguage":"pt-PT"}]}},"_links":{"self":[{"href":"https:\/\/dev.thesubmarine.pt\/nutriben\/website\/wp-json\/wp\/v2\/pages\/861","targetHints":{"allow":["GET"]}}],"collection":[{"href":"https:\/\/dev.thesubmarine.pt\/nutriben\/website\/wp-json\/wp\/v2\/pages"}],"about":[{"href":"https:\/\/dev.thesubmarine.pt\/nutriben\/website\/wp-json\/wp\/v2\/types\/page"}],"author":[{"embeddable":true,"href":"https:\/\/dev.thesubmarine.pt\/nutriben\/website\/wp-json\/wp\/v2\/users\/5"}],"replies":[{"embeddable":true,"href":"https:\/\/dev.thesubmarine.pt\/nutriben\/website\/wp-json\/wp\/v2\/comments?post=861"}],"version-history":[{"count":5,"href":"https:\/\/dev.thesubmarine.pt\/nutriben\/website\/wp-json\/wp\/v2\/pages\/861\/revisions"}],"predecessor-version":[{"id":5877,"href":"https:\/\/dev.thesubmarine.pt\/nutriben\/website\/wp-json\/wp\/v2\/pages\/861\/revisions\/5877"}],"wp:attachment":[{"href":"https:\/\/dev.thesubmarine.pt\/nutriben\/website\/wp-json\/wp\/v2\/media?parent=861"}],"curies":[{"name":"wp","href":"https:\/\/api.w.org\/{rel}","templated":true}]}}