{"id":645,"date":"2021-01-14T23:06:14","date_gmt":"2021-01-14T23:06:14","guid":{"rendered":"http:\/\/digitalprod.eu\/nutriben\/?page_id=645"},"modified":"2026-01-05T11:37:39","modified_gmt":"2026-01-05T11:37:39","slug":"produtos-sem-adicao-acucar","status":"publish","type":"page","link":"https:\/\/dev.thesubmarine.pt\/nutriben\/website\/produtos-sem-adicao-acucar\/","title":{"rendered":"Produtos &#8211; Sem adi\u00e7\u00e3o de a\u00e7\u00facares"},"content":{"rendered":"","protected":false},"excerpt":{"rendered":"","protected":false},"author":5,"featured_media":0,"parent":0,"menu_order":0,"comment_status":"closed","ping_status":"closed","template":"tmp-produtos-sem-acucar.php","meta":{"inline_featured_image":false,"footnotes":""},"class_list":["post-645","page","type-page","status-publish","hentry"],"yoast_head":"<!-- This site is optimized with the Yoast SEO plugin v27.3 - https:\/\/yoast.com\/product\/yoast-seo-wordpress\/ -->\n<title>Nutrib\u00e9n - Produtos - Sem adi\u00e7\u00e3o de a\u00e7\u00facares<\/title>\n<meta name=\"description\" content=\"Sabia que a Nutrib\u00e9n\u00ae tem diversos produtos sem adi\u00e7\u00e3o de a\u00e7\u00facares? Desdepapas a boi\u00f5es de refei\u00e7\u00f5es, infus\u00f5es e frutas variadas, \u00e9 s\u00f3 escolher.\" \/>\n<meta name=\"robots\" content=\"index, follow, max-snippet:-1, max-image-preview:large, max-video-preview:-1\" \/>\n<link rel=\"canonical\" href=\"https:\/\/dev.thesubmarine.pt\/nutriben\/website\/produtos-sem-adicao-acucar\/\" \/>\n<meta property=\"og:locale\" content=\"pt_PT\" \/>\n<meta property=\"og:type\" content=\"article\" \/>\n<meta property=\"og:title\" content=\"Nutrib\u00e9n - Produtos - Sem adi\u00e7\u00e3o de a\u00e7\u00facares\" \/>\n<meta property=\"og:description\" content=\"Sabia que a Nutrib\u00e9n\u00ae tem diversos produtos sem adi\u00e7\u00e3o de a\u00e7\u00facares? Desdepapas a boi\u00f5es de refei\u00e7\u00f5es, infus\u00f5es e frutas variadas, \u00e9 s\u00f3 escolher.\" \/>\n<meta property=\"og:url\" content=\"https:\/\/dev.thesubmarine.pt\/nutriben\/website\/produtos-sem-adicao-acucar\/\" \/>\n<meta property=\"og:site_name\" content=\"Nutrib\u00e9n\" \/>\n<meta property=\"article:modified_time\" content=\"2026-01-05T11:37:39+00:00\" \/>\n<meta name=\"twitter:card\" content=\"summary_large_image\" \/>\n<script type=\"application\/ld+json\" class=\"yoast-schema-graph\">{\"@context\":\"https:\\\/\\\/schema.org\",\"@graph\":[{\"@type\":\"WebPage\",\"@id\":\"https:\\\/\\\/dev.thesubmarine.pt\\\/nutriben\\\/website\\\/produtos-sem-adicao-acucar\\\/\",\"url\":\"https:\\\/\\\/dev.thesubmarine.pt\\\/nutriben\\\/website\\\/produtos-sem-adicao-acucar\\\/\",\"name\":\"Nutrib\u00e9n - Produtos - Sem adi\u00e7\u00e3o de a\u00e7\u00facares\",\"isPartOf\":{\"@id\":\"https:\\\/\\\/dev.thesubmarine.pt\\\/nutriben\\\/website\\\/#website\"},\"datePublished\":\"2021-01-14T23:06:14+00:00\",\"dateModified\":\"2026-01-05T11:37:39+00:00\",\"description\":\"Sabia que a Nutrib\u00e9n\u00ae tem diversos produtos sem adi\u00e7\u00e3o de a\u00e7\u00facares? Desdepapas a boi\u00f5es de refei\u00e7\u00f5es, infus\u00f5es e frutas variadas, \u00e9 s\u00f3 escolher.\",\"breadcrumb\":{\"@id\":\"https:\\\/\\\/dev.thesubmarine.pt\\\/nutriben\\\/website\\\/produtos-sem-adicao-acucar\\\/#breadcrumb\"},\"inLanguage\":\"pt-PT\",\"potentialAction\":[{\"@type\":\"ReadAction\",\"target\":[\"https:\\\/\\\/dev.thesubmarine.pt\\\/nutriben\\\/website\\\/produtos-sem-adicao-acucar\\\/\"]}]},{\"@type\":\"BreadcrumbList\",\"@id\":\"https:\\\/\\\/dev.thesubmarine.pt\\\/nutriben\\\/website\\\/produtos-sem-adicao-acucar\\\/#breadcrumb\",\"itemListElement\":[{\"@type\":\"ListItem\",\"position\":1,\"name\":\"In\u00edcio\",\"item\":\"https:\\\/\\\/dev.thesubmarine.pt\\\/nutriben\\\/website\\\/\"},{\"@type\":\"ListItem\",\"position\":2,\"name\":\"Produtos &#8211; Sem adi\u00e7\u00e3o de a\u00e7\u00facares\"}]},{\"@type\":\"WebSite\",\"@id\":\"https:\\\/\\\/dev.thesubmarine.pt\\\/nutriben\\\/website\\\/#website\",\"url\":\"https:\\\/\\\/dev.thesubmarine.pt\\\/nutriben\\\/website\\\/\",\"name\":\"Nutrib\u00e9n\",\"description\":\"\",\"potentialAction\":[{\"@type\":\"SearchAction\",\"target\":{\"@type\":\"EntryPoint\",\"urlTemplate\":\"https:\\\/\\\/dev.thesubmarine.pt\\\/nutriben\\\/website\\\/?s={search_term_string}\"},\"query-input\":{\"@type\":\"PropertyValueSpecification\",\"valueRequired\":true,\"valueName\":\"search_term_string\"}}],\"inLanguage\":\"pt-PT\"}]}<\/script>\n<!-- \/ Yoast SEO plugin. -->","yoast_head_json":{"title":"Nutrib\u00e9n - Produtos - Sem adi\u00e7\u00e3o de a\u00e7\u00facares","description":"Sabia que a Nutrib\u00e9n\u00ae tem diversos produtos sem adi\u00e7\u00e3o de a\u00e7\u00facares? Desdepapas a boi\u00f5es de refei\u00e7\u00f5es, infus\u00f5es e frutas variadas, \u00e9 s\u00f3 escolher.","robots":{"index":"index","follow":"follow","max-snippet":"max-snippet:-1","max-image-preview":"max-image-preview:large","max-video-preview":"max-video-preview:-1"},"canonical":"https:\/\/dev.thesubmarine.pt\/nutriben\/website\/produtos-sem-adicao-acucar\/","og_locale":"pt_PT","og_type":"article","og_title":"Nutrib\u00e9n - Produtos - Sem adi\u00e7\u00e3o de a\u00e7\u00facares","og_description":"Sabia que a Nutrib\u00e9n\u00ae tem diversos produtos sem adi\u00e7\u00e3o de a\u00e7\u00facares? Desdepapas a boi\u00f5es de refei\u00e7\u00f5es, infus\u00f5es e frutas variadas, \u00e9 s\u00f3 escolher.","og_url":"https:\/\/dev.thesubmarine.pt\/nutriben\/website\/produtos-sem-adicao-acucar\/","og_site_name":"Nutrib\u00e9n","article_modified_time":"2026-01-05T11:37:39+00:00","twitter_card":"summary_large_image","schema":{"@context":"https:\/\/schema.org","@graph":[{"@type":"WebPage","@id":"https:\/\/dev.thesubmarine.pt\/nutriben\/website\/produtos-sem-adicao-acucar\/","url":"https:\/\/dev.thesubmarine.pt\/nutriben\/website\/produtos-sem-adicao-acucar\/","name":"Nutrib\u00e9n - Produtos - Sem adi\u00e7\u00e3o de a\u00e7\u00facares","isPartOf":{"@id":"https:\/\/dev.thesubmarine.pt\/nutriben\/website\/#website"},"datePublished":"2021-01-14T23:06:14+00:00","dateModified":"2026-01-05T11:37:39+00:00","description":"Sabia que a Nutrib\u00e9n\u00ae tem diversos produtos sem adi\u00e7\u00e3o de a\u00e7\u00facares? Desdepapas a boi\u00f5es de refei\u00e7\u00f5es, infus\u00f5es e frutas variadas, \u00e9 s\u00f3 escolher.","breadcrumb":{"@id":"https:\/\/dev.thesubmarine.pt\/nutriben\/website\/produtos-sem-adicao-acucar\/#breadcrumb"},"inLanguage":"pt-PT","potentialAction":[{"@type":"ReadAction","target":["https:\/\/dev.thesubmarine.pt\/nutriben\/website\/produtos-sem-adicao-acucar\/"]}]},{"@type":"BreadcrumbList","@id":"https:\/\/dev.thesubmarine.pt\/nutriben\/website\/produtos-sem-adicao-acucar\/#breadcrumb","itemListElement":[{"@type":"ListItem","position":1,"name":"In\u00edcio","item":"https:\/\/dev.thesubmarine.pt\/nutriben\/website\/"},{"@type":"ListItem","position":2,"name":"Produtos &#8211; Sem adi\u00e7\u00e3o de a\u00e7\u00facares"}]},{"@type":"WebSite","@id":"https:\/\/dev.thesubmarine.pt\/nutriben\/website\/#website","url":"https:\/\/dev.thesubmarine.pt\/nutriben\/website\/","name":"Nutrib\u00e9n","description":"","potentialAction":[{"@type":"SearchAction","target":{"@type":"EntryPoint","urlTemplate":"https:\/\/dev.thesubmarine.pt\/nutriben\/website\/?s={search_term_string}"},"query-input":{"@type":"PropertyValueSpecification","valueRequired":true,"valueName":"search_term_string"}}],"inLanguage":"pt-PT"}]}},"_links":{"self":[{"href":"https:\/\/dev.thesubmarine.pt\/nutriben\/website\/wp-json\/wp\/v2\/pages\/645","targetHints":{"allow":["GET"]}}],"collection":[{"href":"https:\/\/dev.thesubmarine.pt\/nutriben\/website\/wp-json\/wp\/v2\/pages"}],"about":[{"href":"https:\/\/dev.thesubmarine.pt\/nutriben\/website\/wp-json\/wp\/v2\/types\/page"}],"author":[{"embeddable":true,"href":"https:\/\/dev.thesubmarine.pt\/nutriben\/website\/wp-json\/wp\/v2\/users\/5"}],"replies":[{"embeddable":true,"href":"https:\/\/dev.thesubmarine.pt\/nutriben\/website\/wp-json\/wp\/v2\/comments?post=645"}],"version-history":[{"count":5,"href":"https:\/\/dev.thesubmarine.pt\/nutriben\/website\/wp-json\/wp\/v2\/pages\/645\/revisions"}],"predecessor-version":[{"id":5875,"href":"https:\/\/dev.thesubmarine.pt\/nutriben\/website\/wp-json\/wp\/v2\/pages\/645\/revisions\/5875"}],"wp:attachment":[{"href":"https:\/\/dev.thesubmarine.pt\/nutriben\/website\/wp-json\/wp\/v2\/media?parent=645"}],"curies":[{"name":"wp","href":"https:\/\/api.w.org\/{rel}","templated":true}]}}