{"id":636,"date":"2021-01-14T00:48:32","date_gmt":"2021-01-14T00:48:32","guid":{"rendered":"http:\/\/digitalprod.eu\/nutriben\/?page_id=636"},"modified":"2026-01-05T11:30:44","modified_gmt":"2026-01-05T11:30:44","slug":"produtos-papas","status":"publish","type":"page","link":"https:\/\/dev.thesubmarine.pt\/nutriben\/website\/produtos-papas\/","title":{"rendered":"Produtos &#8211; Papas"},"content":{"rendered":"","protected":false},"excerpt":{"rendered":"","protected":false},"author":5,"featured_media":0,"parent":0,"menu_order":0,"comment_status":"closed","ping_status":"closed","template":"tmp-produtos-papas.php","meta":{"inline_featured_image":false,"footnotes":""},"class_list":["post-636","page","type-page","status-publish","hentry"],"yoast_head":"<!-- This site is optimized with the Yoast SEO plugin v27.3 - https:\/\/yoast.com\/product\/yoast-seo-wordpress\/ -->\n<title>Nutrib\u00e9n - Produtos - Papas<\/title>\n<meta name=\"description\" content=\"Conhe\u00e7a a gama de papas Nutrib\u00e9n\u00ae. Com diversos sabores e enriquecidas comvitaminas e minerais, cada papa foi criada a pensar no crescimento do beb\u00e9.\" \/>\n<meta name=\"robots\" content=\"index, follow, max-snippet:-1, max-image-preview:large, max-video-preview:-1\" \/>\n<link rel=\"canonical\" href=\"https:\/\/dev.thesubmarine.pt\/nutriben\/website\/produtos-papas\/\" \/>\n<meta property=\"og:locale\" content=\"pt_PT\" \/>\n<meta property=\"og:type\" content=\"article\" \/>\n<meta property=\"og:title\" content=\"Nutrib\u00e9n - Produtos - Papas\" \/>\n<meta property=\"og:description\" content=\"Conhe\u00e7a a gama de papas Nutrib\u00e9n\u00ae. Com diversos sabores e enriquecidas comvitaminas e minerais, cada papa foi criada a pensar no crescimento do beb\u00e9.\" \/>\n<meta property=\"og:url\" content=\"https:\/\/dev.thesubmarine.pt\/nutriben\/website\/produtos-papas\/\" \/>\n<meta property=\"og:site_name\" content=\"Nutrib\u00e9n\" \/>\n<meta property=\"article:modified_time\" content=\"2026-01-05T11:30:44+00:00\" \/>\n<meta name=\"twitter:card\" content=\"summary_large_image\" \/>\n<script type=\"application\/ld+json\" class=\"yoast-schema-graph\">{\"@context\":\"https:\\\/\\\/schema.org\",\"@graph\":[{\"@type\":\"WebPage\",\"@id\":\"https:\\\/\\\/dev.thesubmarine.pt\\\/nutriben\\\/website\\\/produtos-papas\\\/\",\"url\":\"https:\\\/\\\/dev.thesubmarine.pt\\\/nutriben\\\/website\\\/produtos-papas\\\/\",\"name\":\"Nutrib\u00e9n - Produtos - Papas\",\"isPartOf\":{\"@id\":\"https:\\\/\\\/dev.thesubmarine.pt\\\/nutriben\\\/website\\\/#website\"},\"datePublished\":\"2021-01-14T00:48:32+00:00\",\"dateModified\":\"2026-01-05T11:30:44+00:00\",\"description\":\"Conhe\u00e7a a gama de papas Nutrib\u00e9n\u00ae. Com diversos sabores e enriquecidas comvitaminas e minerais, cada papa foi criada a pensar no crescimento do beb\u00e9.\",\"breadcrumb\":{\"@id\":\"https:\\\/\\\/dev.thesubmarine.pt\\\/nutriben\\\/website\\\/produtos-papas\\\/#breadcrumb\"},\"inLanguage\":\"pt-PT\",\"potentialAction\":[{\"@type\":\"ReadAction\",\"target\":[\"https:\\\/\\\/dev.thesubmarine.pt\\\/nutriben\\\/website\\\/produtos-papas\\\/\"]}]},{\"@type\":\"BreadcrumbList\",\"@id\":\"https:\\\/\\\/dev.thesubmarine.pt\\\/nutriben\\\/website\\\/produtos-papas\\\/#breadcrumb\",\"itemListElement\":[{\"@type\":\"ListItem\",\"position\":1,\"name\":\"In\u00edcio\",\"item\":\"https:\\\/\\\/dev.thesubmarine.pt\\\/nutriben\\\/website\\\/\"},{\"@type\":\"ListItem\",\"position\":2,\"name\":\"Produtos &#8211; Papas\"}]},{\"@type\":\"WebSite\",\"@id\":\"https:\\\/\\\/dev.thesubmarine.pt\\\/nutriben\\\/website\\\/#website\",\"url\":\"https:\\\/\\\/dev.thesubmarine.pt\\\/nutriben\\\/website\\\/\",\"name\":\"Nutrib\u00e9n\",\"description\":\"\",\"potentialAction\":[{\"@type\":\"SearchAction\",\"target\":{\"@type\":\"EntryPoint\",\"urlTemplate\":\"https:\\\/\\\/dev.thesubmarine.pt\\\/nutriben\\\/website\\\/?s={search_term_string}\"},\"query-input\":{\"@type\":\"PropertyValueSpecification\",\"valueRequired\":true,\"valueName\":\"search_term_string\"}}],\"inLanguage\":\"pt-PT\"}]}<\/script>\n<!-- \/ Yoast SEO plugin. -->","yoast_head_json":{"title":"Nutrib\u00e9n - Produtos - Papas","description":"Conhe\u00e7a a gama de papas Nutrib\u00e9n\u00ae. Com diversos sabores e enriquecidas comvitaminas e minerais, cada papa foi criada a pensar no crescimento do beb\u00e9.","robots":{"index":"index","follow":"follow","max-snippet":"max-snippet:-1","max-image-preview":"max-image-preview:large","max-video-preview":"max-video-preview:-1"},"canonical":"https:\/\/dev.thesubmarine.pt\/nutriben\/website\/produtos-papas\/","og_locale":"pt_PT","og_type":"article","og_title":"Nutrib\u00e9n - Produtos - Papas","og_description":"Conhe\u00e7a a gama de papas Nutrib\u00e9n\u00ae. Com diversos sabores e enriquecidas comvitaminas e minerais, cada papa foi criada a pensar no crescimento do beb\u00e9.","og_url":"https:\/\/dev.thesubmarine.pt\/nutriben\/website\/produtos-papas\/","og_site_name":"Nutrib\u00e9n","article_modified_time":"2026-01-05T11:30:44+00:00","twitter_card":"summary_large_image","schema":{"@context":"https:\/\/schema.org","@graph":[{"@type":"WebPage","@id":"https:\/\/dev.thesubmarine.pt\/nutriben\/website\/produtos-papas\/","url":"https:\/\/dev.thesubmarine.pt\/nutriben\/website\/produtos-papas\/","name":"Nutrib\u00e9n - Produtos - Papas","isPartOf":{"@id":"https:\/\/dev.thesubmarine.pt\/nutriben\/website\/#website"},"datePublished":"2021-01-14T00:48:32+00:00","dateModified":"2026-01-05T11:30:44+00:00","description":"Conhe\u00e7a a gama de papas Nutrib\u00e9n\u00ae. Com diversos sabores e enriquecidas comvitaminas e minerais, cada papa foi criada a pensar no crescimento do beb\u00e9.","breadcrumb":{"@id":"https:\/\/dev.thesubmarine.pt\/nutriben\/website\/produtos-papas\/#breadcrumb"},"inLanguage":"pt-PT","potentialAction":[{"@type":"ReadAction","target":["https:\/\/dev.thesubmarine.pt\/nutriben\/website\/produtos-papas\/"]}]},{"@type":"BreadcrumbList","@id":"https:\/\/dev.thesubmarine.pt\/nutriben\/website\/produtos-papas\/#breadcrumb","itemListElement":[{"@type":"ListItem","position":1,"name":"In\u00edcio","item":"https:\/\/dev.thesubmarine.pt\/nutriben\/website\/"},{"@type":"ListItem","position":2,"name":"Produtos &#8211; Papas"}]},{"@type":"WebSite","@id":"https:\/\/dev.thesubmarine.pt\/nutriben\/website\/#website","url":"https:\/\/dev.thesubmarine.pt\/nutriben\/website\/","name":"Nutrib\u00e9n","description":"","potentialAction":[{"@type":"SearchAction","target":{"@type":"EntryPoint","urlTemplate":"https:\/\/dev.thesubmarine.pt\/nutriben\/website\/?s={search_term_string}"},"query-input":{"@type":"PropertyValueSpecification","valueRequired":true,"valueName":"search_term_string"}}],"inLanguage":"pt-PT"}]}},"_links":{"self":[{"href":"https:\/\/dev.thesubmarine.pt\/nutriben\/website\/wp-json\/wp\/v2\/pages\/636","targetHints":{"allow":["GET"]}}],"collection":[{"href":"https:\/\/dev.thesubmarine.pt\/nutriben\/website\/wp-json\/wp\/v2\/pages"}],"about":[{"href":"https:\/\/dev.thesubmarine.pt\/nutriben\/website\/wp-json\/wp\/v2\/types\/page"}],"author":[{"embeddable":true,"href":"https:\/\/dev.thesubmarine.pt\/nutriben\/website\/wp-json\/wp\/v2\/users\/5"}],"replies":[{"embeddable":true,"href":"https:\/\/dev.thesubmarine.pt\/nutriben\/website\/wp-json\/wp\/v2\/comments?post=636"}],"version-history":[{"count":7,"href":"https:\/\/dev.thesubmarine.pt\/nutriben\/website\/wp-json\/wp\/v2\/pages\/636\/revisions"}],"predecessor-version":[{"id":5870,"href":"https:\/\/dev.thesubmarine.pt\/nutriben\/website\/wp-json\/wp\/v2\/pages\/636\/revisions\/5870"}],"wp:attachment":[{"href":"https:\/\/dev.thesubmarine.pt\/nutriben\/website\/wp-json\/wp\/v2\/media?parent=636"}],"curies":[{"name":"wp","href":"https:\/\/api.w.org\/{rel}","templated":true}]}}